{"id":4697,"date":"2025-12-11T07:10:15","date_gmt":"2025-12-11T07:10:15","guid":{"rendered":"https:\/\/www.tercihiletisim.com\/?post_type=product&#038;p=4697"},"modified":"2025-12-11T07:10:25","modified_gmt":"2025-12-11T07:10:25","slug":"lapas-kablosuz-sarj-ozellikli-wireless-powerbank","status":"publish","type":"product","link":"https:\/\/www.tercihiletisim.com\/en\/product\/lapas-kablosuz-sarj-ozellikli-wireless-powerbank\/","title":{"rendered":"Lapas Kablosuz \u015earj \u00d6zellikli Wireless Powerbank"},"content":{"rendered":"<p data-start=\"159\" data-end=\"647\">Lapas LP-PW004, g\u00fcn i\u00e7inde ihtiya\u00e7 duydu\u011fun t\u00fcm cihazlara e\u015f zamanl\u0131 enerji sa\u011flayacak \u015fekilde geli\u015ftirildi. 10000mAh kapasitesi sayesinde ak\u0131ll\u0131 saatinizden kablosuz kulakl\u0131klar\u0131n\u0131za, telefonunuzdan tabletinize kadar pek \u00e7ok cihaz\u0131 ayn\u0131 anda \u015farj edebilirsiniz. \u00dczerindeki \u00f6zel kablosuz \u015farj alan\u0131na ak\u0131ll\u0131 saatinizi koyman\u0131z yeterli\u2014hemen \u015farj olmaya ba\u015flar. Ayr\u0131ca USB-A ve Type-C \u00e7\u0131k\u0131\u015flar\u0131 ile h\u0131zl\u0131 ve g\u00fcvenli kablolu \u015farj se\u00e7enekleri de sunar.<\/p>\n<p data-start=\"649\" data-end=\"1058\"><strong data-start=\"649\" data-end=\"687\">Stand \u00d6zelli\u011fi ile Daha Kullan\u0131\u015fl\u0131<\/strong><br data-start=\"687\" data-end=\"690\" \/>Arka k\u0131s\u0131mda yer alan metal destek aya\u011f\u0131, powerbank\u2019i saniyeler i\u00e7inde kullan\u0131\u015fl\u0131 bir standa d\u00f6n\u00fc\u015ft\u00fcr\u00fcr. Telefonunuzu yatay ya da dikey \u015fekilde yerle\u015ftirip video izleyebilir, toplant\u0131lara kat\u0131labilir veya i\u00e7erik takip ederken ellerinizi tamamen serbest b\u0131rakabilirsiniz. Hem \u00e7ok ama\u00e7l\u0131 bir g\u00fc\u00e7 kayna\u011f\u0131 hem de pratik bir g\u00f6r\u00fcnt\u00fcleme stand\u0131 olarak i\u015finizi kolayla\u015ft\u0131r\u0131r.<\/p>\n<p data-start=\"1060\" data-end=\"1415\"><strong data-start=\"1060\" data-end=\"1095\">Kompakt, Hafif ve Seyahat Dostu<\/strong><br data-start=\"1095\" data-end=\"1098\" \/>Sadece 210 gram a\u011f\u0131rl\u0131\u011f\u0131ndaki LP-PW004, \u015f\u0131k ve modern tasar\u0131m\u0131yla her \u00e7antaya rahat\u00e7a s\u0131\u011facak kadar kompakt. Uluslararas\u0131 u\u00e7u\u015f kurallar\u0131na uygun yap\u0131s\u0131yla da seyahatlerde g\u00f6n\u00fcl rahatl\u0131\u011f\u0131yla yan\u0131n\u0131zda ta\u015f\u0131yabilirsiniz. \u0130ster ofiste, ister evde, ister yolda olun; kablosuz \u015farj rahatl\u0131\u011f\u0131 ve y\u00fcksek kapasite hep sizinle.<\/p>","protected":false},"excerpt":{"rendered":"<article class=\"text-token-text-primary w-full focus:outline-none [--shadow-height:45px] has-data-writing-block:pointer-events-none has-data-writing-block:-mt-(--shadow-height) has-data-writing-block:pt-(--shadow-height) [&amp;:has([data-writing-block])&gt;*]:pointer-events-auto scroll-mt-[calc(var(--header-height)+min(200px,max(70px,20svh)))]\" dir=\"auto\" tabindex=\"-1\" data-turn-id=\"request-WEB:b62a855e-975f-4e16-851e-ccfa65b13ae2-3\" data-testid=\"conversation-turn-8\" data-scroll-anchor=\"true\" data-turn=\"assistant\">\n<div class=\"text-base my-auto mx-auto pb-10 [--thread-content-margin:--spacing(4)] @w-sm\/main:[--thread-content-margin:--spacing(6)] @w-lg\/main:[--thread-content-margin:--spacing(16)] px-(--thread-content-margin)\">\n<div class=\"[--thread-content-max-width:40rem] @w-lg\/main:[--thread-content-max-width:48rem] mx-auto max-w-(--thread-content-max-width) flex-1 group\/turn-messages focus-visible:outline-hidden relative flex w-full min-w-0 flex-col agent-turn\" tabindex=\"-1\">\n<div class=\"flex max-w-full flex-col grow\">\n<div class=\"min-h-8 text-message relative flex w-full flex-col items-end gap-2 text-start break-words whitespace-normal [.text-message+&amp;]:mt-1\" dir=\"auto\" data-message-author-role=\"assistant\" data-message-id=\"4b8bb892-82f6-4aa9-aaa7-792d7e62f51b\" data-message-model-slug=\"gpt-5-1\">\n<div class=\"flex w-full flex-col gap-1 empty:hidden first:pt-[1px]\">\n<div class=\"markdown prose dark:prose-invert w-full break-words light markdown-new-styling\">\n<p data-start=\"76\" data-end=\"252\" data-is-last-node=\"\" data-is-only-node=\"\">Lapas LP-PW004, 10000mAh kapasitesi, ak\u0131ll\u0131 saat uyumlu kablosuz \u015farj\u0131 ve stand fonksiyonlu kompakt tasar\u0131m\u0131yla g\u00fcnl\u00fck kullan\u0131m ve seyahatler i\u00e7in ideal bir powerbanktir.<\/p>\n<\/div>\n<\/div>\n<\/div>\n<\/div>\n<div class=\"mt-3 w-full empty:hidden\">\n<div class=\"text-center\"><\/div>\n<\/div>\n<\/div>\n<\/div>\n<\/article>\n<div class=\"pointer-events-none h-px w-px\" aria-hidden=\"true\" data-edge=\"true\"><\/div>","protected":false},"featured_media":4698,"comment_status":"open","ping_status":"closed","template":"","meta":{"_acf_changed":false},"pwb-brand":[402],"product_brand":[],"product_cat":[138,253],"product_tag":[406,407,405,411,414,404,412,403,413,415,409,408,410],"class_list":{"0":"post-4697","1":"product","2":"type-product","3":"status-publish","4":"has-post-thumbnail","6":"pwb-brand-lapas","7":"product_cat-aksesuar","8":"product_cat-powerbank","9":"product_tag-10000mah-powerbank","10":"product_tag-15w-wireless-sarj","11":"product_tag-akilli-saat-uyumlu-powerbank","12":"product_tag-coklu-cihaz-sarji","13":"product_tag-kablosuz-powerbank","14":"product_tag-kablosuz-sarj-powerbank","15":"product_tag-kompakt-powerbank","16":"product_tag-lapas-lp-pw004","17":"product_tag-lapas-powerbank","18":"product_tag-magsafe-powerbank","19":"product_tag-standli-powerbank","20":"product_tag-tasinabilir-sarj-cihazi","21":"product_tag-type-c-hizli-sarj","23":"first","24":"instock","25":"taxable","26":"shipping-taxable","27":"purchasable","28":"product-type-simple"},"acf":[],"yoast_head":"<!-- This site is optimized with the Yoast SEO plugin v26.4 - https:\/\/yoast.com\/wordpress\/plugins\/seo\/ -->\n<title>Lapas Kablosuz \u015earj \u00d6zellikli Wireless Powerbank - Tercih \u0130leti\u015fim<\/title>\n<meta name=\"description\" content=\"Lapas LP-PW004 10000mAh powerbank; ak\u0131ll\u0131 saat uyumlu kablosuz \u015farj, 15W h\u0131zl\u0131 g\u00fc\u00e7 ve stand fonksiyonuyla her ortamda pratik kullan\u0131m sunar.\" \/>\n<meta name=\"robots\" content=\"index, follow, max-snippet:-1, max-image-preview:large, max-video-preview:-1\" \/>\n<link rel=\"canonical\" href=\"https:\/\/www.tercihiletisim.com\/en\/product\/lapas-kablosuz-sarj-ozellikli-wireless-powerbank\/\" \/>\n<meta property=\"og:locale\" content=\"en_US\" \/>\n<meta property=\"og:type\" content=\"article\" \/>\n<meta property=\"og:title\" content=\"Lapas Kablosuz \u015earj \u00d6zellikli Wireless Powerbank - Tercih \u0130leti\u015fim\" \/>\n<meta property=\"og:description\" content=\"Lapas LP-PW004 10000mAh powerbank; ak\u0131ll\u0131 saat uyumlu kablosuz \u015farj, 15W h\u0131zl\u0131 g\u00fc\u00e7 ve stand fonksiyonuyla her ortamda pratik kullan\u0131m sunar.\" \/>\n<meta property=\"og:url\" content=\"https:\/\/www.tercihiletisim.com\/en\/product\/lapas-kablosuz-sarj-ozellikli-wireless-powerbank\/\" \/>\n<meta property=\"og:site_name\" content=\"Tercih \u0130leti\u015fim\" \/>\n<meta property=\"article:publisher\" content=\"https:\/\/facebook.com\/tercihiletisim\" \/>\n<meta property=\"article:modified_time\" content=\"2025-12-11T07:10:25+00:00\" \/>\n<meta property=\"og:image\" content=\"https:\/\/www.tercihiletisim.com\/wp-content\/uploads\/2025\/12\/Lapas-LP-PW004-powerbank.jpg\" \/>\n\t<meta property=\"og:image:width\" content=\"709\" \/>\n\t<meta property=\"og:image:height\" content=\"709\" \/>\n\t<meta property=\"og:image:type\" content=\"image\/jpeg\" \/>\n<meta name=\"twitter:card\" content=\"summary_large_image\" \/>\n<meta name=\"twitter:site\" content=\"@tercihiletisim\" \/>\n<meta name=\"twitter:label1\" content=\"Price\" \/>\n\t<meta name=\"twitter:data1\" content=\"1.999,00&nbsp;&#8378;\" \/>\n\t<meta name=\"twitter:label2\" content=\"Availability\" \/>\n\t<meta name=\"twitter:data2\" content=\"In stock\" \/>\n<script type=\"application\/ld+json\" class=\"yoast-schema-graph\">{\"@context\":\"https:\/\/schema.org\",\"@graph\":[{\"@type\":\"WebPage\",\"@id\":\"https:\/\/www.tercihiletisim.com\/urun\/lapas-kablosuz-sarj-ozellikli-wireless-powerbank\/\",\"url\":\"https:\/\/www.tercihiletisim.com\/urun\/lapas-kablosuz-sarj-ozellikli-wireless-powerbank\/\",\"name\":\"Lapas Kablosuz \u015earj \u00d6zellikli Wireless Powerbank - Tercih \u0130leti\u015fim\",\"isPartOf\":{\"@id\":\"https:\/\/www.tercihiletisim.com\/#website\"},\"primaryImageOfPage\":{\"@id\":\"https:\/\/www.tercihiletisim.com\/urun\/lapas-kablosuz-sarj-ozellikli-wireless-powerbank\/#primaryimage\"},\"image\":{\"@id\":\"https:\/\/www.tercihiletisim.com\/urun\/lapas-kablosuz-sarj-ozellikli-wireless-powerbank\/#primaryimage\"},\"thumbnailUrl\":\"https:\/\/www.tercihiletisim.com\/wp-content\/uploads\/2025\/12\/Lapas-LP-PW004-powerbank.jpg\",\"datePublished\":\"2025-12-11T07:10:15+00:00\",\"dateModified\":\"2025-12-11T07:10:25+00:00\",\"description\":\"Lapas LP-PW004 10000mAh powerbank; ak\u0131ll\u0131 saat uyumlu kablosuz \u015farj, 15W h\u0131zl\u0131 g\u00fc\u00e7 ve stand fonksiyonuyla her ortamda pratik kullan\u0131m sunar.\",\"breadcrumb\":{\"@id\":\"https:\/\/www.tercihiletisim.com\/urun\/lapas-kablosuz-sarj-ozellikli-wireless-powerbank\/#breadcrumb\"},\"inLanguage\":\"en-US\",\"potentialAction\":[{\"@type\":\"ReadAction\",\"target\":[\"https:\/\/www.tercihiletisim.com\/urun\/lapas-kablosuz-sarj-ozellikli-wireless-powerbank\/\"]}]},{\"@type\":\"ImageObject\",\"inLanguage\":\"en-US\",\"@id\":\"https:\/\/www.tercihiletisim.com\/urun\/lapas-kablosuz-sarj-ozellikli-wireless-powerbank\/#primaryimage\",\"url\":\"https:\/\/www.tercihiletisim.com\/wp-content\/uploads\/2025\/12\/Lapas-LP-PW004-powerbank.jpg\",\"contentUrl\":\"https:\/\/www.tercihiletisim.com\/wp-content\/uploads\/2025\/12\/Lapas-LP-PW004-powerbank.jpg\",\"width\":709,\"height\":709},{\"@type\":\"BreadcrumbList\",\"@id\":\"https:\/\/www.tercihiletisim.com\/urun\/lapas-kablosuz-sarj-ozellikli-wireless-powerbank\/#breadcrumb\",\"itemListElement\":[{\"@type\":\"ListItem\",\"position\":1,\"name\":\"Anasayfa\",\"item\":\"https:\/\/www.tercihiletisim.com\/\"},{\"@type\":\"ListItem\",\"position\":2,\"name\":\"Tercih \u0130leti\u015fim\",\"item\":\"https:\/\/www.tercihiletisim.com\/shop\/\"},{\"@type\":\"ListItem\",\"position\":3,\"name\":\"Lapas Kablosuz \u015earj \u00d6zellikli Wireless Powerbank\"}]},{\"@type\":\"WebSite\",\"@id\":\"https:\/\/www.tercihiletisim.com\/#website\",\"url\":\"https:\/\/www.tercihiletisim.com\/\",\"name\":\"Tercih \u0130leti\u015fim\",\"description\":\"iPhone, Samsung ve en yeni ak\u0131ll\u0131 telefon modelleri, uygun fiyat ve h\u0131zl\u0131 teslimat ile.\",\"publisher\":{\"@id\":\"https:\/\/www.tercihiletisim.com\/#organization\"},\"potentialAction\":[{\"@type\":\"SearchAction\",\"target\":{\"@type\":\"EntryPoint\",\"urlTemplate\":\"https:\/\/www.tercihiletisim.com\/?s={search_term_string}\"},\"query-input\":{\"@type\":\"PropertyValueSpecification\",\"valueRequired\":true,\"valueName\":\"search_term_string\"}}],\"inLanguage\":\"en-US\"},{\"@type\":\"Organization\",\"@id\":\"https:\/\/www.tercihiletisim.com\/#organization\",\"name\":\"Tercih \u0130leti\u015fim\",\"url\":\"https:\/\/www.tercihiletisim.com\/\",\"logo\":{\"@type\":\"ImageObject\",\"inLanguage\":\"en-US\",\"@id\":\"https:\/\/www.tercihiletisim.com\/#\/schema\/logo\/image\/\",\"url\":\"https:\/\/www.tercihiletisim.com\/wp-content\/uploads\/2025\/09\/shop51-logo-header-1.png\",\"contentUrl\":\"https:\/\/www.tercihiletisim.com\/wp-content\/uploads\/2025\/09\/shop51-logo-header-1.png\",\"width\":280,\"height\":69,\"caption\":\"Tercih \u0130leti\u015fim\"},\"image\":{\"@id\":\"https:\/\/www.tercihiletisim.com\/#\/schema\/logo\/image\/\"},\"sameAs\":[\"https:\/\/facebook.com\/tercihiletisim\",\"https:\/\/x.com\/tercihiletisim\",\"https:\/\/instagram.com\/antalyaturkcell\"],\"hasMerchantReturnPolicy\":{\"@type\":\"MerchantReturnPolicy\",\"merchantReturnLink\":\"https:\/\/www.tercihiletisim.com\/en\/refund_returns\/\"}}]}<\/script>\n<meta property=\"product:price:amount\" content=\"1999.00\" \/>\n<meta property=\"product:price:currency\" content=\"TRY\" \/>\n<meta property=\"og:availability\" content=\"instock\" \/>\n<meta property=\"product:availability\" content=\"instock\" \/>\n<meta property=\"product:retailer_item_id\" content=\"PW004\" \/>\n<meta property=\"product:condition\" content=\"new\" \/>\n<!-- \/ Yoast SEO plugin. -->","yoast_head_json":{"title":"Lapas Kablosuz \u015earj \u00d6zellikli Wireless Powerbank - Tercih \u0130leti\u015fim","description":"Lapas LP-PW004 10000mAh powerbank; ak\u0131ll\u0131 saat uyumlu kablosuz \u015farj, 15W h\u0131zl\u0131 g\u00fc\u00e7 ve stand fonksiyonuyla her ortamda pratik kullan\u0131m sunar.","robots":{"index":"index","follow":"follow","max-snippet":"max-snippet:-1","max-image-preview":"max-image-preview:large","max-video-preview":"max-video-preview:-1"},"canonical":"https:\/\/www.tercihiletisim.com\/en\/product\/lapas-kablosuz-sarj-ozellikli-wireless-powerbank\/","og_locale":"en_US","og_type":"article","og_title":"Lapas Kablosuz \u015earj \u00d6zellikli Wireless Powerbank - Tercih \u0130leti\u015fim","og_description":"Lapas LP-PW004 10000mAh powerbank; ak\u0131ll\u0131 saat uyumlu kablosuz \u015farj, 15W h\u0131zl\u0131 g\u00fc\u00e7 ve stand fonksiyonuyla her ortamda pratik kullan\u0131m sunar.","og_url":"https:\/\/www.tercihiletisim.com\/en\/product\/lapas-kablosuz-sarj-ozellikli-wireless-powerbank\/","og_site_name":"Tercih \u0130leti\u015fim","article_publisher":"https:\/\/facebook.com\/tercihiletisim","article_modified_time":"2025-12-11T07:10:25+00:00","og_image":[{"width":709,"height":709,"url":"https:\/\/www.tercihiletisim.com\/wp-content\/uploads\/2025\/12\/Lapas-LP-PW004-powerbank.jpg","type":"image\/jpeg"}],"twitter_card":"summary_large_image","twitter_site":"@tercihiletisim","twitter_misc":{"Price":"1.999,00&nbsp;&#8378;","Availability":"In stock"},"schema":{"@context":"https:\/\/schema.org","@graph":[{"@type":"WebPage","@id":"https:\/\/www.tercihiletisim.com\/urun\/lapas-kablosuz-sarj-ozellikli-wireless-powerbank\/","url":"https:\/\/www.tercihiletisim.com\/urun\/lapas-kablosuz-sarj-ozellikli-wireless-powerbank\/","name":"Lapas Kablosuz \u015earj \u00d6zellikli Wireless Powerbank - Tercih \u0130leti\u015fim","isPartOf":{"@id":"https:\/\/www.tercihiletisim.com\/#website"},"primaryImageOfPage":{"@id":"https:\/\/www.tercihiletisim.com\/urun\/lapas-kablosuz-sarj-ozellikli-wireless-powerbank\/#primaryimage"},"image":{"@id":"https:\/\/www.tercihiletisim.com\/urun\/lapas-kablosuz-sarj-ozellikli-wireless-powerbank\/#primaryimage"},"thumbnailUrl":"https:\/\/www.tercihiletisim.com\/wp-content\/uploads\/2025\/12\/Lapas-LP-PW004-powerbank.jpg","datePublished":"2025-12-11T07:10:15+00:00","dateModified":"2025-12-11T07:10:25+00:00","description":"Lapas LP-PW004 10000mAh powerbank; ak\u0131ll\u0131 saat uyumlu kablosuz \u015farj, 15W h\u0131zl\u0131 g\u00fc\u00e7 ve stand fonksiyonuyla her ortamda pratik kullan\u0131m sunar.","breadcrumb":{"@id":"https:\/\/www.tercihiletisim.com\/urun\/lapas-kablosuz-sarj-ozellikli-wireless-powerbank\/#breadcrumb"},"inLanguage":"en-US","potentialAction":[{"@type":"ReadAction","target":["https:\/\/www.tercihiletisim.com\/urun\/lapas-kablosuz-sarj-ozellikli-wireless-powerbank\/"]}]},{"@type":"ImageObject","inLanguage":"en-US","@id":"https:\/\/www.tercihiletisim.com\/urun\/lapas-kablosuz-sarj-ozellikli-wireless-powerbank\/#primaryimage","url":"https:\/\/www.tercihiletisim.com\/wp-content\/uploads\/2025\/12\/Lapas-LP-PW004-powerbank.jpg","contentUrl":"https:\/\/www.tercihiletisim.com\/wp-content\/uploads\/2025\/12\/Lapas-LP-PW004-powerbank.jpg","width":709,"height":709},{"@type":"BreadcrumbList","@id":"https:\/\/www.tercihiletisim.com\/urun\/lapas-kablosuz-sarj-ozellikli-wireless-powerbank\/#breadcrumb","itemListElement":[{"@type":"ListItem","position":1,"name":"Anasayfa","item":"https:\/\/www.tercihiletisim.com\/"},{"@type":"ListItem","position":2,"name":"Tercih \u0130leti\u015fim","item":"https:\/\/www.tercihiletisim.com\/shop\/"},{"@type":"ListItem","position":3,"name":"Lapas Kablosuz \u015earj \u00d6zellikli Wireless Powerbank"}]},{"@type":"WebSite","@id":"https:\/\/www.tercihiletisim.com\/#website","url":"https:\/\/www.tercihiletisim.com\/","name":"Tercih \u0130leti\u015fim","description":"iPhone, Samsung ve en yeni ak\u0131ll\u0131 telefon modelleri, uygun fiyat ve h\u0131zl\u0131 teslimat ile.","publisher":{"@id":"https:\/\/www.tercihiletisim.com\/#organization"},"potentialAction":[{"@type":"SearchAction","target":{"@type":"EntryPoint","urlTemplate":"https:\/\/www.tercihiletisim.com\/?s={search_term_string}"},"query-input":{"@type":"PropertyValueSpecification","valueRequired":true,"valueName":"search_term_string"}}],"inLanguage":"en-US"},{"@type":"Organization","@id":"https:\/\/www.tercihiletisim.com\/#organization","name":"Tercih \u0130leti\u015fim","url":"https:\/\/www.tercihiletisim.com\/","logo":{"@type":"ImageObject","inLanguage":"en-US","@id":"https:\/\/www.tercihiletisim.com\/#\/schema\/logo\/image\/","url":"https:\/\/www.tercihiletisim.com\/wp-content\/uploads\/2025\/09\/shop51-logo-header-1.png","contentUrl":"https:\/\/www.tercihiletisim.com\/wp-content\/uploads\/2025\/09\/shop51-logo-header-1.png","width":280,"height":69,"caption":"Tercih \u0130leti\u015fim"},"image":{"@id":"https:\/\/www.tercihiletisim.com\/#\/schema\/logo\/image\/"},"sameAs":["https:\/\/facebook.com\/tercihiletisim","https:\/\/x.com\/tercihiletisim","https:\/\/instagram.com\/antalyaturkcell"],"hasMerchantReturnPolicy":{"@type":"MerchantReturnPolicy","merchantReturnLink":"https:\/\/www.tercihiletisim.com\/en\/refund_returns\/"}}]},"product_price_amount":"1999.00","product_price_currency":"TRY","og_availability":"instock","product_availability":"instock","product_retailer_item_id":"PW004","product_condition":"new"},"brands":[{"id":402,"name":"Lapas","slug":"lapas"}],"_links":{"self":[{"href":"https:\/\/www.tercihiletisim.com\/en\/wp-json\/wp\/v2\/product\/4697","targetHints":{"allow":["GET"]}}],"collection":[{"href":"https:\/\/www.tercihiletisim.com\/en\/wp-json\/wp\/v2\/product"}],"about":[{"href":"https:\/\/www.tercihiletisim.com\/en\/wp-json\/wp\/v2\/types\/product"}],"replies":[{"embeddable":true,"href":"https:\/\/www.tercihiletisim.com\/en\/wp-json\/wp\/v2\/comments?post=4697"}],"wp:featuredmedia":[{"embeddable":true,"href":"https:\/\/www.tercihiletisim.com\/en\/wp-json\/wp\/v2\/media\/4698"}],"wp:attachment":[{"href":"https:\/\/www.tercihiletisim.com\/en\/wp-json\/wp\/v2\/media?parent=4697"}],"wp:term":[{"taxonomy":"pwb-brand","embeddable":true,"href":"https:\/\/www.tercihiletisim.com\/en\/wp-json\/wp\/v2\/pwb-brand?post=4697"},{"taxonomy":"product_brand","embeddable":true,"href":"https:\/\/www.tercihiletisim.com\/en\/wp-json\/wp\/v2\/product_brand?post=4697"},{"taxonomy":"product_cat","embeddable":true,"href":"https:\/\/www.tercihiletisim.com\/en\/wp-json\/wp\/v2\/product_cat?post=4697"},{"taxonomy":"product_tag","embeddable":true,"href":"https:\/\/www.tercihiletisim.com\/en\/wp-json\/wp\/v2\/product_tag?post=4697"}],"curies":[{"name":"wp","href":"https:\/\/api.w.org\/{rel}","templated":true}]}}